{"id":587,"date":"2016-08-30T18:40:23","date_gmt":"2016-08-30T18:40:23","guid":{"rendered":"https:\/\/geographicdestination.com\/?page_id=587"},"modified":"2016-11-09T16:42:49","modified_gmt":"2016-11-09T16:42:49","slug":"educational-tours","status":"publish","type":"page","link":"https:\/\/geographicdestination.com\/de\/educational-tours\/","title":{"rendered":"Bildungsreisen"},"content":{"rendered":"<p>Educursions verbinden Bildung mit Exkursionen und umfassen massgeschneiderte Programme zu vielf\u00e4ltigen Themen wie Fotografie, Naturwissenschaften, Geschichte oder Kunst. Die prim\u00e4re Zielgruppe dieser Programme sind Studierende; die Programme stehen aber auch jeder anderen Person offen, die an \u201eLernen durch Tun\u201c glaubt.<\/p>\n<p>Dank unserem breiten Netzwerk an Lehrpersonen und Experten in Indien sind wir in einer erstklassigen Position, um sichere und gut organisierte Educursions anzubieten, die Ihnen neue Erinnerungen und neues Wissen erm\u00f6glichen werden.<\/p>\n<p><strong>M\u00f6gliche Bildungsworkshops: <\/strong><\/p>\n<ol>\n<li><strong> Fotografie: <\/strong>Die Studierenden lernen die Grundlagen sowie detailliertere Aspekte der Fotografie kennen und k\u00f6nnen das Gelernte vor Ort \u00fcben und umsetzen. Eine audiovisuelle Vorf\u00fchrung ist inbegriffen.<\/li>\n<li><strong> Wissenschaftliche Studien:<\/strong> Die Studierenden k\u00f6nnen an astronomischen Himmelsbeobachtungen teilnehmen und Workshops besuchen, an denen das \u201eWie und Warum\u201c der Umwelt- und Naturwissenschaften erl\u00e4utert wird.<\/li>\n<li><strong> Kunst:<\/strong> Erlauben Sie Ihrem inneren K\u00fcnstler, Ihrer inneren K\u00fcnstlerin, bei kurzweiligen und kreativen Workshops aus Ihnen herauszukommen. Die Workshops umfassen Malerei, Batik (traditionelle indische Textilverfahren), Handwerk, Weben, N\u00e4hen, T\u00f6pfern, Schnitzkunst, Modellieren, Schauspiel und Strassentheater.<\/li>\n<li><strong> Yoga:<\/strong> Finden Sie Ihr Gleichgewicht in einem speziell konzipierten Yoga-Workshop, der eine umfassende Einf\u00fchrung in Pranayama, Asanas, Mudras, Kriyas und Meditationstechniken beinhaltet, die Sie auch nach Ihrer R\u00fcckkehr zuhause praktizieren k\u00f6nnen.<\/li>\n<li><strong> Adventure Camps und Sport:<\/strong> Suchen Sie das Abenteuer und gewinnen Sie bleibende Erinnerungen mit solch vielf\u00e4ltigen Camp- und Sportm\u00f6glichkeiten wie Rollerskating, Gymnastik, Taekwondo, Klettern, Skifahren, Trekking und Wildwasserrafting. Erlernen Sie unterwegs zentrale Survival-Techniken.<\/li>\n<\/ol>\n<p>Schulungs- und Reisedestinationen k\u00f6nnen sein\u00a0: Nationalparks, Vogelschutzgebiete, botanische G\u00e4rten, historisch bedeutende Orte, Bergstationen, Str\u00e4nde, Abenteuercamps und weitere Orte von touristischem Interesse.<\/p>\n<p>Das Programm kann zwischen 1 Tag und 14 Tagen dauern.<\/p>\n<p>&nbsp;<\/p>\n<p><strong>Preise <\/strong><\/p>\n<p>Die Kosten f\u00fcr Ihre Educursion h\u00e4ngen von dem gew\u00fcnschten Thema, der gew\u00e4hlten Destination und der Dauer des Bildungsprogramms ab. Ausgehend von Ihren Interessen ist in unseren Preisen Folgendes inbegriffen:<\/p>\n<ul>\n<li>Reisebuchung und Transport an Ihre gew\u00e4hlte Destination sowie von dieser zur\u00fcck<\/li>\n<li>Unterkunft und Mahlzeiten<\/li>\n<li>Fachkundige Lehrpersonen Ihres gew\u00e4hlten Themas; eine Lehrperson\/ein Supervisor pro Gruppe \u00e0 20 Studierende<\/li>\n<\/ul>\n<p><img loading=\"lazy\" decoding=\"async\" class=\"alignnone size-large wp-image-154\" src=\"https:\/\/geographicdestination.com\/wp-content\/uploads\/2016\/06\/Manish-Majgaonkar_7-1024x687.jpg\" alt=\"Manish Majgaonkar_7\" width=\"1024\" height=\"687\" srcset=\"https:\/\/geographicdestination.com\/wp-content\/uploads\/2016\/06\/Manish-Majgaonkar_7-1024x687.jpg 1024w, https:\/\/geographicdestination.com\/wp-content\/uploads\/2016\/06\/Manish-Majgaonkar_7-300x201.jpg 300w, https:\/\/geographicdestination.com\/wp-content\/uploads\/2016\/06\/Manish-Majgaonkar_7-768x516.jpg 768w, https:\/\/geographicdestination.com\/wp-content\/uploads\/2016\/06\/Manish-Majgaonkar_7-1200x806.jpg 1200w, https:\/\/geographicdestination.com\/wp-content\/uploads\/2016\/06\/Manish-Majgaonkar_7-1609x1080.jpg 1609w\" sizes=\"auto, (max-width: 1024px) 100vw, 1024px\" \/><\/p>\n<p><img loading=\"lazy\" decoding=\"async\" class=\"alignnone size-large wp-image-629\" src=\"https:\/\/geographicdestination.com\/wp-content\/uploads\/2016\/08\/DSC_0219-1024x685.png\" alt=\"dsc_0219\" width=\"1024\" height=\"685\" srcset=\"https:\/\/geographicdestination.com\/wp-content\/uploads\/2016\/08\/DSC_0219-1024x685.png 1024w, https:\/\/geographicdestination.com\/wp-content\/uploads\/2016\/08\/DSC_0219-300x201.png 300w, https:\/\/geographicdestination.com\/wp-content\/uploads\/2016\/08\/DSC_0219-768x514.png 768w, https:\/\/geographicdestination.com\/wp-content\/uploads\/2016\/08\/DSC_0219-1200x803.png 1200w, https:\/\/geographicdestination.com\/wp-content\/uploads\/2016\/08\/DSC_0219-1613x1080.png 1613w\" sizes=\"auto, (max-width: 1024px) 100vw, 1024px\" \/><\/p>","protected":false},"excerpt":{"rendered":"<p>Educursions verbinden Bildung mit Exkursionen und umfassen massgeschneiderte Programme zu vielf\u00e4ltigen Themen wie Fotografie, Naturwissenschaften, Geschichte oder Kunst. Die prim\u00e4re Zielgruppe dieser Programme sind Studierende; die Programme stehen aber auch jeder anderen Person offen, die an \u201eLernen durch Tun\u201c glaubt. Dank unserem breiten Netzwerk an Lehrpersonen und Experten in Indien sind wir in einer erstklassigen Position, um sichere und gut &hellip;<\/p>\n","protected":false},"author":1,"featured_media":597,"parent":0,"menu_order":0,"comment_status":"closed","ping_status":"closed","template":"","meta":{"footnotes":""},"class_list":["post-587","page","type-page","status-publish","has-post-thumbnail","hentry"],"_links":{"self":[{"href":"https:\/\/geographicdestination.com\/de\/wp-json\/wp\/v2\/pages\/587","targetHints":{"allow":["GET"]}}],"collection":[{"href":"https:\/\/geographicdestination.com\/de\/wp-json\/wp\/v2\/pages"}],"about":[{"href":"https:\/\/geographicdestination.com\/de\/wp-json\/wp\/v2\/types\/page"}],"author":[{"embeddable":true,"href":"https:\/\/geographicdestination.com\/de\/wp-json\/wp\/v2\/users\/1"}],"replies":[{"embeddable":true,"href":"https:\/\/geographicdestination.com\/de\/wp-json\/wp\/v2\/comments?post=587"}],"version-history":[{"count":11,"href":"https:\/\/geographicdestination.com\/de\/wp-json\/wp\/v2\/pages\/587\/revisions"}],"predecessor-version":[{"id":823,"href":"https:\/\/geographicdestination.com\/de\/wp-json\/wp\/v2\/pages\/587\/revisions\/823"}],"wp:featuredmedia":[{"embeddable":true,"href":"https:\/\/geographicdestination.com\/de\/wp-json\/wp\/v2\/media\/597"}],"wp:attachment":[{"href":"https:\/\/geographicdestination.com\/de\/wp-json\/wp\/v2\/media?parent=587"}],"curies":[{"name":"wp","href":"https:\/\/api.w.org\/{rel}","templated":true}]}}