{"id":361,"date":"2016-08-22T02:16:22","date_gmt":"2016-08-22T02:16:22","guid":{"rendered":"https:\/\/geographicdestination.com\/?page_id=361"},"modified":"2019-06-24T17:15:22","modified_gmt":"2019-06-24T17:15:22","slug":"about-us","status":"publish","type":"page","link":"https:\/\/geographicdestination.com\/de\/about\/about-us\/","title":{"rendered":"\u00dcber uns"},"content":{"rendered":"<p><\/p>\n<p style=\"text-align: left;\"><strong>Manish Majgaonkar<\/strong><\/p>\n<p style=\"text-align: left;\"><span style=\"color: #000000;\"><img loading=\"lazy\" decoding=\"async\" class=\"alignnone size-large wp-image-852\" src=\"https:\/\/geographicdestination.com\/wp-content\/uploads\/2016\/06\/website-1024x626.jpg\" alt=\"\" width=\"1024\" height=\"626\" srcset=\"https:\/\/geographicdestination.com\/wp-content\/uploads\/2016\/06\/website-1024x626.jpg 1024w, https:\/\/geographicdestination.com\/wp-content\/uploads\/2016\/06\/website-300x183.jpg 300w, https:\/\/geographicdestination.com\/wp-content\/uploads\/2016\/06\/website-768x469.jpg 768w, https:\/\/geographicdestination.com\/wp-content\/uploads\/2016\/06\/website-1200x734.jpg 1200w, https:\/\/geographicdestination.com\/wp-content\/uploads\/2016\/06\/website-1767x1080.jpg 1767w\" sizes=\"auto, (max-width: 1024px) 100vw, 1024px\" \/><\/span><\/p>\n<blockquote><p><span style=\"color: #000000;\"><em><span style=\"color: #808080;\">\u201cIch liebe das Freiheitsgef\u00fchl, das sich einstellt, wenn man reist, Abenteuer und unerwartete Dinge erlebt und Menschen aus aller Welt trifft&#8220;<\/span><\/em><\/span><\/p><\/blockquote>\n<div id=\"attachment_959\" style=\"width: 429px\" class=\"wp-caption alignright\"><img loading=\"lazy\" decoding=\"async\" aria-describedby=\"caption-attachment-959\" class=\"wp-image-959\" src=\"https:\/\/geographicdestination.com\/wp-content\/uploads\/2019\/06\/09-1024x683.jpg\" alt=\"\" width=\"419\" height=\"279\" srcset=\"https:\/\/geographicdestination.com\/wp-content\/uploads\/2019\/06\/09-1024x683.jpg 1024w, https:\/\/geographicdestination.com\/wp-content\/uploads\/2019\/06\/09-300x200.jpg 300w, https:\/\/geographicdestination.com\/wp-content\/uploads\/2019\/06\/09-768x512.jpg 768w, https:\/\/geographicdestination.com\/wp-content\/uploads\/2019\/06\/09-1200x800.jpg 1200w, https:\/\/geographicdestination.com\/wp-content\/uploads\/2019\/06\/09-1620x1080.jpg 1620w\" sizes=\"auto, (max-width: 419px) 100vw, 419px\" \/><p id=\"caption-attachment-959\" class=\"wp-caption-text\">Geographic Destination beim Everest Base Camp<\/p><\/div>\n<p><span lang=\"DE-CH\" style=\"margin: 0px; color: #000000; font-family: 'Arial','sans-serif';\"><span style=\"font-size: medium;\">Manish ist der geborene Reisende und seine Entdeckungslust die treibende Kraft hinter unserer Arbeit. Schon in jungen Jahren wollte er auf seinen Reisen lernen \u2013 unsere Reisepakete haben wir basierend auf seinen umfangreichen und einzigartigen Erfahrungen sorgf\u00e4ltig zusammengestellt. <\/span><\/span><\/p>\n<p><span lang=\"DE-CH\" style=\"margin: 0px; color: #000000; font-family: 'Arial','sans-serif';\"><span style=\"font-size: medium;\">Ganz egal, wonach Sie suchen oder wie gross Ihr Budget ist, Manish setzt alle Hebel in Bewegung, damit Ihre Reise so unvergesslich wird wie die Destination selbst. <\/span><\/span><\/p>\n<p><span style=\"color: #000000;\">Manish hat auf unz\u00e4hligen Reisen ganz Indien bereist und auch an der 46-t\u00e4gigen All India Motorbike Tour teilgenommen. \u00dcber den Khardung La, den h\u00f6chsten befahrbaren Pass der Welt, ist er bereits sieben Mal gefahren. Ob mit dem Flugzeug, Auto, Motorrad oder zu Fuss auf Wanderungen und Trekkings, Manish war in zahlreichen L\u00e4ndern unterwegs, darunter Nepal, Thailand, Singapur, Armenien, Frankreich, Italien, Schweiz und Deutschland. Ausserdem war er in Indien als beauftragter Tourismusexperte f\u00fcr Ethnologiestudierende der Universit\u00e4t Z\u00fcrich im Einsatz. Er hat sich auf Reisen in der Schweiz und in Indien\u00a0 spezialisiert.<\/span><\/p>\n<hr \/>\n<p style=\"text-align: left;\"><strong>Linda G\u00fcdel Majgaonkar<\/strong><\/p>\n<blockquote>\n<p style=\"text-align: center;\"><img loading=\"lazy\" decoding=\"async\" class=\"wp-image-140 size-large alignnone\" src=\"https:\/\/geographicdestination.com\/wp-content\/uploads\/2016\/06\/Linda-1024x768.png\" alt=\"Linda\" width=\"1024\" height=\"768\" srcset=\"https:\/\/geographicdestination.com\/wp-content\/uploads\/2016\/06\/Linda-1024x768.png 1024w, https:\/\/geographicdestination.com\/wp-content\/uploads\/2016\/06\/Linda-300x225.png 300w, https:\/\/geographicdestination.com\/wp-content\/uploads\/2016\/06\/Linda-768x576.png 768w, https:\/\/geographicdestination.com\/wp-content\/uploads\/2016\/06\/Linda-1200x900.png 1200w, https:\/\/geographicdestination.com\/wp-content\/uploads\/2016\/06\/Linda-800x600.png 800w, https:\/\/geographicdestination.com\/wp-content\/uploads\/2016\/06\/Linda-1440x1080.png 1440w, https:\/\/geographicdestination.com\/wp-content\/uploads\/2016\/06\/Linda.png 1600w\" sizes=\"auto, (max-width: 1024px) 100vw, 1024px\" \/><\/p>\n<p><em><i>\u201c<\/i>Reisen bedeutet f\u00fcr mich, einen Schritt ins Unbekannte zu machen, sich gegen\u00fcber neuen Sichtweisen auf das Leben zu \u00f6ffnen und die lokale K\u00fcche zu geniessen\u201c<\/em><\/p><\/blockquote>\n<p style=\"text-align: left;\"><img loading=\"lazy\" decoding=\"async\" class=\"alignright wp-image-147 \" src=\"https:\/\/geographicdestination.com\/wp-content\/uploads\/2016\/06\/DSC_0010-300x201.png\" alt=\"DSC_0010\" width=\"432\" height=\"289\" srcset=\"https:\/\/geographicdestination.com\/wp-content\/uploads\/2016\/06\/DSC_0010-300x201.png 300w, https:\/\/geographicdestination.com\/wp-content\/uploads\/2016\/06\/DSC_0010-768x516.png 768w, https:\/\/geographicdestination.com\/wp-content\/uploads\/2016\/06\/DSC_0010-1024x687.png 1024w, https:\/\/geographicdestination.com\/wp-content\/uploads\/2016\/06\/DSC_0010-1200x806.png 1200w, https:\/\/geographicdestination.com\/wp-content\/uploads\/2016\/06\/DSC_0010-1609x1080.png 1609w\" sizes=\"auto, (max-width: 432px) 100vw, 432px\" \/><\/p>\n<p><span lang=\"DE-CH\" style=\"margin: 0px; color: #222222; font-family: 'Arial','sans-serif';\"><span style=\"font-size: medium;\">Linda ist eine gestandene Reisende und hat bereits zahlreiche L\u00e4nder erkundet \u2013 Peru, Italien, Spanien, Frankreich, Deutschland, Sri Lanka, Nepal und nat\u00fcrlich Indien, das ihr Herz erobert hat. Als Alleinreisende hat sie w\u00e4hrend sechs Monaten ganz Indien bereist und sp\u00e4ter drei Monate in der friedvollen Enklave Rishikesh verbracht, wo sie eine ethnologische Feldstudie zu Yoga durchf\u00fchrte. Sie hat einige der sch\u00f6nsten Orte besucht, die Indien unter anderem in Ladakh, Kerala, Mumbai und Goa zu bieten hat. <\/span><\/span><\/p>\n<p><span lang=\"DE-CH\" style=\"margin: 0px; color: #222222; font-family: 'Arial','sans-serif';\"><span style=\"font-size: medium;\">Linda hat einen MA in Sozial-\/Kulturanthropologie mit Schwerpunkt Indien und einen MA in Indologie. Als Schweizerin weiss sie, welche Unterst\u00fctzung und praktischen Tipps europ\u00e4ische Reisende in Indien brauchen k\u00f6nnen, und sie hilft mit, diesen auf unseren Touren gerecht zu werden.<\/span><\/span><\/p>\n<hr \/>\n<p style=\"text-align: left;\"><strong>Vasant Majgaonkar<\/strong><\/p>\n<p style=\"text-align: left;\"><img loading=\"lazy\" decoding=\"async\" class=\"wp-image-139 size-large alignnone\" src=\"https:\/\/geographicdestination.com\/wp-content\/uploads\/2016\/06\/Vasant-Sir-1024x768.png\" alt=\"Vasant-Sir\" width=\"1024\" height=\"768\" srcset=\"https:\/\/geographicdestination.com\/wp-content\/uploads\/2016\/06\/Vasant-Sir-1024x768.png 1024w, https:\/\/geographicdestination.com\/wp-content\/uploads\/2016\/06\/Vasant-Sir-300x225.png 300w, https:\/\/geographicdestination.com\/wp-content\/uploads\/2016\/06\/Vasant-Sir-768x576.png 768w, https:\/\/geographicdestination.com\/wp-content\/uploads\/2016\/06\/Vasant-Sir-1200x900.png 1200w, https:\/\/geographicdestination.com\/wp-content\/uploads\/2016\/06\/Vasant-Sir-800x600.png 800w, https:\/\/geographicdestination.com\/wp-content\/uploads\/2016\/06\/Vasant-Sir-1440x1080.png 1440w, https:\/\/geographicdestination.com\/wp-content\/uploads\/2016\/06\/Vasant-Sir.png 1600w\" sizes=\"auto, (max-width: 1024px) 100vw, 1024px\" \/><\/p>\n<blockquote><p><em>&#8222;Reisefotografie, verschiedene K\u00fcchen ausprobieren und neue Destinationen entdecken, das ist meine Leidenschaft\u201c<\/em><\/p><\/blockquote>\n<div id=\"attachment_144\" style=\"width: 270px\" class=\"wp-caption alignleft\"><img loading=\"lazy\" decoding=\"async\" aria-describedby=\"caption-attachment-144\" class=\"wp-image-144 size-medium\" src=\"https:\/\/geographicdestination.com\/wp-content\/uploads\/2016\/06\/DSC00325.-a-260x300.jpg\" alt=\"SONY DSC\" width=\"260\" height=\"300\" srcset=\"https:\/\/geographicdestination.com\/wp-content\/uploads\/2016\/06\/DSC00325.-a-260x300.jpg 260w, https:\/\/geographicdestination.com\/wp-content\/uploads\/2016\/06\/DSC00325.-a-768x885.jpg 768w, https:\/\/geographicdestination.com\/wp-content\/uploads\/2016\/06\/DSC00325.-a-888x1024.jpg 888w, https:\/\/geographicdestination.com\/wp-content\/uploads\/2016\/06\/DSC00325.-a-1200x1383.jpg 1200w, https:\/\/geographicdestination.com\/wp-content\/uploads\/2016\/06\/DSC00325.-a-937x1080.jpg 937w\" sizes=\"auto, (max-width: 260px) 100vw, 260px\" \/><p id=\"caption-attachment-144\" class=\"wp-caption-text\">Vasant mit seiner gefeierten Fotografie &#8218;Dancing Sun over Sun Temple&#8216;<\/p><\/div>\n<p><img loading=\"lazy\" decoding=\"async\" class=\"size-medium wp-image-145 alignright\" src=\"https:\/\/geographicdestination.com\/wp-content\/uploads\/2016\/06\/146-245x300.jpg\" alt=\"\" width=\"245\" height=\"300\" srcset=\"https:\/\/geographicdestination.com\/wp-content\/uploads\/2016\/06\/146-245x300.jpg 245w, https:\/\/geographicdestination.com\/wp-content\/uploads\/2016\/06\/146-768x941.jpg 768w, https:\/\/geographicdestination.com\/wp-content\/uploads\/2016\/06\/146-836x1024.jpg 836w, https:\/\/geographicdestination.com\/wp-content\/uploads\/2016\/06\/146-1200x1471.jpg 1200w, https:\/\/geographicdestination.com\/wp-content\/uploads\/2016\/06\/146-881x1080.jpg 881w\" sizes=\"auto, (max-width: 245px) 100vw, 245px\" \/><\/p>\n<p>Vasant ist ein \u00e4usserst versierter Reisefotograf, der seine kreativen und k\u00fcnstlerischen Perspektiven in unsere malerischen Touren und Reisepakete einfliessen l\u00e4sst. F\u00fcr sein Bild der totalen Sonnenfinsternis 1980 \u00fcber dem Sonnentempel von Konark (Odisha), dem er den treffenden Titel \u201eDancing Sun over Sun Temple\u201c (Tanzende Sonne \u00fcber dem Sonnentempel) gab, erhielt er internationale Anerkennung. He has been featured in multiple national and international publications for photographing over 100 Presidents and Prime Ministers worldwide.<\/p>\n<p>Vasant hat unz\u00e4hlige Reisen in Asien, Europa, der Karibik, Nord- und S\u00fcdamerika unternommen. Er ist zudem emeritierter Professor verschiedener namhafter Institute und Colleges in Delhi im Bereich Massenkommunikation und \u00a0hat an renommierten Medienschulen in ganz Indien Studierenden und Reiseliebhabern Fotografie unterrichtet.<\/p>\n<p style=\"text-align: left;\">\n<p><\/p>","protected":false},"excerpt":{"rendered":"<p>Manish Majgaonkar \u201cIch liebe das Freiheitsgef\u00fchl, das sich einstellt, wenn man reist, Abenteuer und unerwartete Dinge erlebt und Menschen aus aller Welt trifft&#8220; Manish ist der geborene Reisende und seine Entdeckungslust die treibende Kraft hinter unserer Arbeit. Schon in jungen Jahren wollte er auf seinen Reisen lernen \u2013 unsere Reisepakete haben wir basierend auf seinen umfangreichen und einzigartigen Erfahrungen sorgf\u00e4ltig &hellip;<\/p>\n","protected":false},"author":2,"featured_media":398,"parent":21,"menu_order":0,"comment_status":"closed","ping_status":"closed","template":"","meta":{"footnotes":""},"class_list":["post-361","page","type-page","status-publish","has-post-thumbnail","hentry"],"_links":{"self":[{"href":"https:\/\/geographicdestination.com\/de\/wp-json\/wp\/v2\/pages\/361","targetHints":{"allow":["GET"]}}],"collection":[{"href":"https:\/\/geographicdestination.com\/de\/wp-json\/wp\/v2\/pages"}],"about":[{"href":"https:\/\/geographicdestination.com\/de\/wp-json\/wp\/v2\/types\/page"}],"author":[{"embeddable":true,"href":"https:\/\/geographicdestination.com\/de\/wp-json\/wp\/v2\/users\/2"}],"replies":[{"embeddable":true,"href":"https:\/\/geographicdestination.com\/de\/wp-json\/wp\/v2\/comments?post=361"}],"version-history":[{"count":9,"href":"https:\/\/geographicdestination.com\/de\/wp-json\/wp\/v2\/pages\/361\/revisions"}],"predecessor-version":[{"id":964,"href":"https:\/\/geographicdestination.com\/de\/wp-json\/wp\/v2\/pages\/361\/revisions\/964"}],"up":[{"embeddable":true,"href":"https:\/\/geographicdestination.com\/de\/wp-json\/wp\/v2\/pages\/21"}],"wp:featuredmedia":[{"embeddable":true,"href":"https:\/\/geographicdestination.com\/de\/wp-json\/wp\/v2\/media\/398"}],"wp:attachment":[{"href":"https:\/\/geographicdestination.com\/de\/wp-json\/wp\/v2\/media?parent=361"}],"curies":[{"name":"wp","href":"https:\/\/api.w.org\/{rel}","templated":true}]}}