{"id":220,"date":"2016-08-14T19:19:17","date_gmt":"2016-08-14T19:19:17","guid":{"rendered":"https:\/\/geographicdestination.com\/?page_id=220"},"modified":"2016-11-09T13:30:33","modified_gmt":"2016-11-09T13:30:33","slug":"beach-bollywood","status":"publish","type":"page","link":"https:\/\/geographicdestination.com\/de\/explore\/beach-bollywood\/","title":{"rendered":"Strand &#038; Bollywood"},"content":{"rendered":"<p><span lang=\"DE-CH\" style=\"background: white; margin: 0px; font-family: 'Arial','sans-serif';\"><span style=\"color: #000000; font-size: medium;\">Beginnen Sie im kulturell vielseitigen Mumbai, einer Stadt, die die Eleganz der majest\u00e4tischen Vergangenheit mit dem gesch\u00e4ftigen Treiben der modernen Zeit verbindet. Besuchen Sie die Kunstgalerien in Kala Ghoda oder g\u00f6nnen Sie sich den k\u00f6stlichen Streetfood am Juhu Beach, w\u00e4hrend Sie dort ein bisschen den Menschen zuschauen. Lassen Sie sich auf einer Tour durch die Filmstadt vom Glanz und Glamour des indischen Kinos verf\u00fchren und erleben Sie das Nachtleben Mumbais beim Besuch in einigen von Indiens pomp\u00f6seren Bars. Mumbai ist im wahrsten Sinne des Wortes eine Stadt, in der alles m\u00f6glich ist.<\/span><\/span><\/p>\n<p><span lang=\"DE-CH\" style=\"background: white; margin: 0px; font-family: 'Arial','sans-serif';\"><span style=\"color: #000000; font-size: medium;\">Reisen Sie anschliessend s\u00fcdw\u00e4rts und tauchen Sie ein in die sch\u00f6ne K\u00fcstenregion von Goa, einem Staat, der stark von der Hippiekultur und der fr\u00fcheren portugiesischen Kolonialherrschaft gepr\u00e4gt ist. Besuchen Sie jahrhundertealte Kirchen, die neben Tempeln und Moscheen gebaut wurden, feilschen Sie auf dem Flohmarkt von Anjuna \u2013 einem der gr\u00f6ssten seiner Art \u2013 und entspannen Sie sich schliesslich an den atemberaubenden Str\u00e4nden von Goa.<\/span><\/span><\/p>\n<p><span lang=\"DE-CH\" style=\"background: white; margin: 0px; font-family: 'Arial','sans-serif';\"><span style=\"color: #000000; font-size: medium;\">\u00a0<\/span><\/span><\/p>\n<p><span lang=\"DE-CH\" style=\"background: white; margin: 0px; font-family: 'Arial','sans-serif';\"><span style=\"color: #000000; font-size: medium;\">Tag 01: Ankunft in Mumbai, Empfang am Flughafen und Transfer ins Hotel<br \/>\nTag 02: Mumbai, Stadtbesichtigung<br \/>\nTag 03: Mumbai, Filmstadt-Rundgang<br \/>\nTag 04: Mumbai \u2013 Goa<br \/>\nTag 05: Nord-Goa, Besichtigungstour<br \/>\nTag 06: Goa<br \/>\nTag 07: S\u00fcd-Goa, Besichtigungstour<br \/>\nTag 08: Goa<br \/>\nTag 09: Transfer an den Flughafen, Flug an die gew\u00fcnschte Destination<\/span><\/span><\/p>\n<p><i>Klicken Sie auf die Karte zur Vergr\u00f6sserung<br \/>\n<\/i><i><a href=\"https:\/\/geographicdestination.com\/wp-content\/uploads\/2016\/09\/7.jpg\"><img loading=\"lazy\" decoding=\"async\" class=\"alignnone wp-image-640 size-thumbnail\" src=\"https:\/\/geographicdestination.com\/wp-content\/uploads\/2016\/09\/7-150x150.jpg\" alt=\"7\" width=\"150\" height=\"150\" \/><\/a><\/i><\/p>","protected":false},"excerpt":{"rendered":"<p>Beginnen Sie im kulturell vielseitigen Mumbai, einer Stadt, die die Eleganz der majest\u00e4tischen Vergangenheit mit dem gesch\u00e4ftigen Treiben der modernen Zeit verbindet. Besuchen Sie die Kunstgalerien in Kala Ghoda oder g\u00f6nnen Sie sich den k\u00f6stlichen Streetfood am Juhu Beach, w\u00e4hrend Sie dort ein bisschen den Menschen zuschauen. Lassen Sie sich auf einer Tour durch die Filmstadt vom Glanz und Glamour &hellip;<\/p>\n","protected":false},"author":1,"featured_media":428,"parent":25,"menu_order":0,"comment_status":"closed","ping_status":"closed","template":"","meta":{"footnotes":""},"class_list":["post-220","page","type-page","status-publish","has-post-thumbnail","hentry"],"_links":{"self":[{"href":"https:\/\/geographicdestination.com\/de\/wp-json\/wp\/v2\/pages\/220","targetHints":{"allow":["GET"]}}],"collection":[{"href":"https:\/\/geographicdestination.com\/de\/wp-json\/wp\/v2\/pages"}],"about":[{"href":"https:\/\/geographicdestination.com\/de\/wp-json\/wp\/v2\/types\/page"}],"author":[{"embeddable":true,"href":"https:\/\/geographicdestination.com\/de\/wp-json\/wp\/v2\/users\/1"}],"replies":[{"embeddable":true,"href":"https:\/\/geographicdestination.com\/de\/wp-json\/wp\/v2\/comments?post=220"}],"version-history":[{"count":5,"href":"https:\/\/geographicdestination.com\/de\/wp-json\/wp\/v2\/pages\/220\/revisions"}],"predecessor-version":[{"id":821,"href":"https:\/\/geographicdestination.com\/de\/wp-json\/wp\/v2\/pages\/220\/revisions\/821"}],"up":[{"embeddable":true,"href":"https:\/\/geographicdestination.com\/de\/wp-json\/wp\/v2\/pages\/25"}],"wp:featuredmedia":[{"embeddable":true,"href":"https:\/\/geographicdestination.com\/de\/wp-json\/wp\/v2\/media\/428"}],"wp:attachment":[{"href":"https:\/\/geographicdestination.com\/de\/wp-json\/wp\/v2\/media?parent=220"}],"curies":[{"name":"wp","href":"https:\/\/api.w.org\/{rel}","templated":true}]}}