{"id":218,"date":"2016-08-14T19:15:01","date_gmt":"2016-08-14T19:15:01","guid":{"rendered":"https:\/\/geographicdestination.com\/?page_id=218"},"modified":"2016-11-09T13:21:07","modified_gmt":"2016-11-09T13:21:07","slug":"india-on-bike","status":"publish","type":"page","link":"https:\/\/geographicdestination.com\/de\/explore\/india-on-bike\/","title":{"rendered":"Indien per Motorrad"},"content":{"rendered":"<p>Unser einzigartiges Motorrad-Package erm\u00f6glicht ein besonders intensives Erleben der n\u00f6rdlichen Landschaft Indiens. Kn\u00fcpfen Sie bleibende Bande mit Ihren Mitreisenden, w\u00e4hrend Sie durch malerische T\u00e4ler fahren, m\u00e4andernden Fl\u00fcssen folgen und die klare Luft des Himalaya einatmen. Durch einen Besuch in Dharamshala, dem Wohnsitz Seiner Heiligkeit dem Dalai Lama, und eine \u00dcbernachtung auf einem traditionellen Kashmiri-Hausboot wird Ihre Reise Ihnen noch st\u00e4rker in Erinnerung bleiben.<\/p>\n<p>G\u00f6nnen Sie sich eine Pause und besuchen Sie Kl\u00f6ster des Tibetischen Buddhismus in Leh, oder stellen Sie sich der Herausforderung, auf dem Khardung-La-Pass die h\u00f6chste motorisierte Strasse der Welt zu befahren. Nach dieser Tour werden Sie mit Erinnerungen, Freundschaften und Geschichten nach Hause kehren, die Ihnen ein Leben lang bleiben werden.<\/p>\n<p><u>Anmerkung:<\/u> Eine gr\u00fcndliche Instruktion zu den Motorr\u00e4dern, dem Fahren in Gruppen, Verkehrsregeln, Vorschriften und Sicherheits\u00fcberlegungen ist Teil der Einf\u00fchrung in Delhi.<\/p>\n<p><strong>Reiseroute<br \/>\n<\/strong>Tag 01: Ankunft in Delhi, Empfang am Flughafen, Transfer ins Hotel und Einf\u00fchrung<br \/>\nTag 02: Delhi \u2013 Chandigarh<br \/>\nTag 03: Fahrt nach Dharamshala, den Wohnsitz Seiner Heiligkeit dem Dalai Lama<br \/>\nTag 04: Dharamshala<br \/>\nTag 05: Dharamshala \u2013 Jammu<br \/>\nTag 06: Abfahrt ins Kashmir-Tal mit einer \u00dcbernachtung auf dem Hausboot in Srinagar<br \/>\nTag 07: Srinagar<br \/>\nTag 08: Abenteuer von Srinagar nach Kargil, \u00dcbernachtung in Kargil<br \/>\nTag 09: Besichtigung von Alchi via Lamayuru-Kloster und das \u201eMondtal\u201c<br \/>\nTag 10: Fahrt auf der malerischen Route von Alchi nach Leh<br \/>\nTag 11: Fahrt \u00fcber den Khardung La, den h\u00f6chsten befahrbaren Pass der Welt<br \/>\nTag 12: Nubra-Tal<br \/>\nTag 13: R\u00fcckreise nach Leh<br \/>\nTag 14: Freier Tag in Leh<br \/>\nTag 15: Morgendliche Fahrt nach Rumtse mit Besichtigung der Kl\u00f6ster Thiksey und Hemis<br \/>\nTag 16: Malerische Fahrt von Rumtse nach Sarchu<br \/>\nTag 17: Fahrt \u00fcber den Rohtang-Pass nach Manali<br \/>\nTag 18: Freier Tag in Manali<br \/>\nTag 19: Fahrt auf der beliebten und gesch\u00e4ftigen \u00a0Strasse von Manali nach Shimla<br \/>\nTag 20: Shimla, eine ehemalige Sommerresidenz der britischen Kolonialherren<br \/>\nTag 21: Fahrt von Shimla nach Chandigarh, der am besten geplanten Stadt Indiens<br \/>\nTag 22: Kurze Fahrt von Chandigarh nach Delhi<br \/>\nTag 23: Freier Tag in Delhi<br \/>\nTag 24: Transfer an den Flughafen, Flug an die gew\u00fcnschte Destination<\/p>\n<p><span style=\"color: #999999;\"><i>Klicken Sie auf die Karte zur Vergr\u00f6sserung<br \/>\n<a href=\"https:\/\/geographicdestination.com\/wp-content\/uploads\/2016\/09\/6.jpg\"><img loading=\"lazy\" decoding=\"async\" class=\"alignnone wp-image-639 size-thumbnail\" src=\"https:\/\/geographicdestination.com\/wp-content\/uploads\/2016\/09\/6-150x150.jpg\" alt=\"6\" width=\"150\" height=\"150\" \/><\/a><\/i><\/span><\/p>","protected":false},"excerpt":{"rendered":"<p>Unser einzigartiges Motorrad-Package erm\u00f6glicht ein besonders intensives Erleben der n\u00f6rdlichen Landschaft Indiens. Kn\u00fcpfen Sie bleibende Bande mit Ihren Mitreisenden, w\u00e4hrend Sie durch malerische T\u00e4ler fahren, m\u00e4andernden Fl\u00fcssen folgen und die klare Luft des Himalaya einatmen. Durch einen Besuch in Dharamshala, dem Wohnsitz Seiner Heiligkeit dem Dalai Lama, und eine \u00dcbernachtung auf einem traditionellen Kashmiri-Hausboot wird Ihre Reise Ihnen noch st\u00e4rker &hellip;<\/p>\n","protected":false},"author":1,"featured_media":396,"parent":25,"menu_order":5,"comment_status":"closed","ping_status":"closed","template":"","meta":{"footnotes":""},"class_list":["post-218","page","type-page","status-publish","has-post-thumbnail","hentry"],"_links":{"self":[{"href":"https:\/\/geographicdestination.com\/de\/wp-json\/wp\/v2\/pages\/218","targetHints":{"allow":["GET"]}}],"collection":[{"href":"https:\/\/geographicdestination.com\/de\/wp-json\/wp\/v2\/pages"}],"about":[{"href":"https:\/\/geographicdestination.com\/de\/wp-json\/wp\/v2\/types\/page"}],"author":[{"embeddable":true,"href":"https:\/\/geographicdestination.com\/de\/wp-json\/wp\/v2\/users\/1"}],"replies":[{"embeddable":true,"href":"https:\/\/geographicdestination.com\/de\/wp-json\/wp\/v2\/comments?post=218"}],"version-history":[{"count":7,"href":"https:\/\/geographicdestination.com\/de\/wp-json\/wp\/v2\/pages\/218\/revisions"}],"predecessor-version":[{"id":820,"href":"https:\/\/geographicdestination.com\/de\/wp-json\/wp\/v2\/pages\/218\/revisions\/820"}],"up":[{"embeddable":true,"href":"https:\/\/geographicdestination.com\/de\/wp-json\/wp\/v2\/pages\/25"}],"wp:featuredmedia":[{"embeddable":true,"href":"https:\/\/geographicdestination.com\/de\/wp-json\/wp\/v2\/media\/396"}],"wp:attachment":[{"href":"https:\/\/geographicdestination.com\/de\/wp-json\/wp\/v2\/media?parent=218"}],"curies":[{"name":"wp","href":"https:\/\/api.w.org\/{rel}","templated":true}]}}