{"id":216,"date":"2016-08-14T19:12:13","date_gmt":"2016-08-14T19:12:13","guid":{"rendered":"https:\/\/geographicdestination.com\/?page_id=216"},"modified":"2016-11-09T11:53:46","modified_gmt":"2016-11-09T11:53:46","slug":"wildlife-adventure","status":"publish","type":"page","link":"https:\/\/geographicdestination.com\/de\/explore\/wildlife-adventure\/","title":{"rendered":"Wildtiere &#038; Abenteuer"},"content":{"rendered":"<p>Beginnen Sie in Delhi, dem politischen Zentrum Indiens und einer Stadt, deren kunstvoll verzierte Parlamentsgeb\u00e4ude und Festungen engen GassenRinnen \u00a0und bunten M\u00e4rkten gegen\u00fcberstehen. Reisen Sie weiter nach Rishikesh zu den packenden Stromschnellen des Ganges, wo Sie \u00a0ausserdem mit einer Einf\u00fchrung ins Yoga entspannen oder Ihre m\u00fcden Muskeln bei einer herrlichen ayurvedischen Massage regenerieren \u00a0k\u00f6nnen.<\/p>\n<p>Besuchen Sie danach den Jim Corbett National Park, das erste Tigerreservat in Indien unter der Project Tiger Initiative\u00a0. G\u00f6nnen Sie sich das Erlebnis von Safaris im Dschungel, Trekking, Vogel- und nat\u00fcrlich Tigerbeobachtungen in dieser malerischen Landschaft. Beenden Sie Ihre Reise mit einem Besuch des Taj Mahal in Agra, wo Sie die Sch\u00f6nheit und die Pracht dieses Palastes bestaunen k\u00f6nnen, bevor Sie zur\u00fcck nach Delhi reisen.<\/p>\n<p>&nbsp;<\/p>\n<p>Tag 01: Ankunft in Delhi, Empfang am Flughafen und Transfer ins Hotel<br \/>\nTag 02: Delhi, Stadtbesichtigung<br \/>\nTag 03: Delhi \u2013 Rishikesh<br \/>\nTag 04: Rishikesh: Rafting (25 km)<br \/>\nTag 05: Rishikesh: freier Tag, um den Ort zu erkunden<br \/>\nTag 06: Rishikesh: Rafting (35 km)<br \/>\nTag 07: Rishikesh \u2013 Jim Corbett National Park<br \/>\nTag 08: Jim Corbett National Park: morgendliche Dschungel-Safari<br \/>\nTag 09: Jim Corbett National Park \u2013 Agra<br \/>\nTag 10: Agra \u2013 Delhi<br \/>\nTag 11: Transfer an den Flughafen, Flug an die gew\u00fcnschte Destination<\/p>\n<p><span style=\"color: #999999;\"><i>Klicken Sie auf die Karte zur Vergr\u00f6sserung<br \/>\n<a href=\"https:\/\/geographicdestination.com\/wp-content\/uploads\/2016\/09\/9.jpg\"><img loading=\"lazy\" decoding=\"async\" class=\"alignnone wp-image-642 size-thumbnail\" src=\"https:\/\/geographicdestination.com\/wp-content\/uploads\/2016\/09\/9-150x150.jpg\" alt=\"9\" width=\"150\" height=\"150\" \/><\/a><\/i><\/span><\/p>","protected":false},"excerpt":{"rendered":"<p>Beginnen Sie in Delhi, dem politischen Zentrum Indiens und einer Stadt, deren kunstvoll verzierte Parlamentsgeb\u00e4ude und Festungen engen GassenRinnen \u00a0und bunten M\u00e4rkten gegen\u00fcberstehen. Reisen Sie weiter nach Rishikesh zu den packenden Stromschnellen des Ganges, wo Sie \u00a0ausserdem mit einer Einf\u00fchrung ins Yoga entspannen oder Ihre m\u00fcden Muskeln bei einer herrlichen ayurvedischen Massage regenerieren \u00a0k\u00f6nnen. Besuchen Sie danach den Jim Corbett &hellip;<\/p>\n","protected":false},"author":1,"featured_media":425,"parent":25,"menu_order":4,"comment_status":"closed","ping_status":"closed","template":"","meta":{"footnotes":""},"class_list":["post-216","page","type-page","status-publish","has-post-thumbnail","hentry"],"_links":{"self":[{"href":"https:\/\/geographicdestination.com\/de\/wp-json\/wp\/v2\/pages\/216","targetHints":{"allow":["GET"]}}],"collection":[{"href":"https:\/\/geographicdestination.com\/de\/wp-json\/wp\/v2\/pages"}],"about":[{"href":"https:\/\/geographicdestination.com\/de\/wp-json\/wp\/v2\/types\/page"}],"author":[{"embeddable":true,"href":"https:\/\/geographicdestination.com\/de\/wp-json\/wp\/v2\/users\/1"}],"replies":[{"embeddable":true,"href":"https:\/\/geographicdestination.com\/de\/wp-json\/wp\/v2\/comments?post=216"}],"version-history":[{"count":8,"href":"https:\/\/geographicdestination.com\/de\/wp-json\/wp\/v2\/pages\/216\/revisions"}],"predecessor-version":[{"id":815,"href":"https:\/\/geographicdestination.com\/de\/wp-json\/wp\/v2\/pages\/216\/revisions\/815"}],"up":[{"embeddable":true,"href":"https:\/\/geographicdestination.com\/de\/wp-json\/wp\/v2\/pages\/25"}],"wp:featuredmedia":[{"embeddable":true,"href":"https:\/\/geographicdestination.com\/de\/wp-json\/wp\/v2\/media\/425"}],"wp:attachment":[{"href":"https:\/\/geographicdestination.com\/de\/wp-json\/wp\/v2\/media?parent=216"}],"curies":[{"name":"wp","href":"https:\/\/api.w.org\/{rel}","templated":true}]}}