{"id":211,"date":"2016-08-14T19:06:52","date_gmt":"2016-08-14T19:06:52","guid":{"rendered":"https:\/\/geographicdestination.com\/?page_id=211"},"modified":"2016-11-09T12:15:58","modified_gmt":"2016-11-09T12:15:58","slug":"photography","status":"publish","type":"page","link":"https:\/\/geographicdestination.com\/de\/explore\/photography\/","title":{"rendered":"Fotografie"},"content":{"rendered":"<p><span lang=\"DE-CH\" style=\"background: white; margin: 0px; color: #222222; font-family: 'Arial','sans-serif';\"><span style=\"font-size: medium;\">Halten Sie den wunderbaren Anblick des Taj Mahal fest, einer Grabst\u00e4tte, die im Namen der Liebe errichtet wurde und als eines der sieben Weltwunder gilt. Machen Sie im Ranthambore National Park ungestellte Aufnahmen von Indiens Wildtieren und fotografieren Sie in Jaipur die sch\u00f6ne Kulisse aus Pal\u00e4sten (Havelis) und M\u00e4rkten dieser Stadt. <\/span><\/span><\/p>\n<p><span lang=\"DE-CH\" style=\"background: white; margin: 0px; color: #222222; font-family: 'Arial','sans-serif';\"><span style=\"font-size: medium;\">\u00a0<\/span><\/span><\/p>\n<p><span lang=\"DE-CH\" style=\"background: white; margin: 0px; color: #222222; font-family: 'Arial','sans-serif';\"><span style=\"font-size: medium;\">Tag 01: Ankunft in Delhi, Empfang am Flughafen und Transfer ins Hotel<br \/>\nTag 02: Delhi, Stadtbesichtigung<br \/>\nTag 03: Delhi<br \/>\nTag 04: Delhi \u2013 Agra<br \/>\nTag 05: Agra<br \/>\nTag 06: Agra \u2013 Ranthambore National Park<br \/>\nTag 07: Ranthambore National Park<br \/>\nTag 08: Ranthambore National Park \u2013 Jaipur<br \/>\nTag 09: Jaipur<br \/>\nTag 10: Jaipur<br \/>\nTag 11: Jaipur \u2013 Delhi<br \/>\nTag 12: Transfer an den Flughafen, Flug an die gew\u00fcnschte Destination<\/span><\/span><\/p>\n<p><span style=\"color: #999999;\"><i>Klicken Sie auf die Karte zur Vergr\u00f6sserung<br \/>\n<a href=\"https:\/\/geographicdestination.com\/wp-content\/uploads\/2016\/09\/1.jpg\"><img loading=\"lazy\" decoding=\"async\" class=\"alignnone wp-image-634 size-thumbnail\" src=\"https:\/\/geographicdestination.com\/wp-content\/uploads\/2016\/09\/1-150x150.jpg\" alt=\"1\" width=\"150\" height=\"150\" srcset=\"https:\/\/geographicdestination.com\/wp-content\/uploads\/2016\/09\/1-150x150.jpg 150w, https:\/\/geographicdestination.com\/wp-content\/uploads\/2016\/09\/1-300x300.jpg 300w, https:\/\/geographicdestination.com\/wp-content\/uploads\/2016\/09\/1-768x768.jpg 768w, https:\/\/geographicdestination.com\/wp-content\/uploads\/2016\/09\/1.jpg 810w\" sizes=\"auto, (max-width: 150px) 100vw, 150px\" \/><\/a><\/i><\/span><\/p>","protected":false},"excerpt":{"rendered":"<p>Halten Sie den wunderbaren Anblick des Taj Mahal fest, einer Grabst\u00e4tte, die im Namen der Liebe errichtet wurde und als eines der sieben Weltwunder gilt. Machen Sie im Ranthambore National Park ungestellte Aufnahmen von Indiens Wildtieren und fotografieren Sie in Jaipur die sch\u00f6ne Kulisse aus Pal\u00e4sten (Havelis) und M\u00e4rkten dieser Stadt. \u00a0 Tag 01: Ankunft in Delhi, Empfang am Flughafen &hellip;<\/p>\n","protected":false},"author":1,"featured_media":512,"parent":25,"menu_order":3,"comment_status":"closed","ping_status":"closed","template":"","meta":{"footnotes":""},"class_list":["post-211","page","type-page","status-publish","has-post-thumbnail","hentry"],"_links":{"self":[{"href":"https:\/\/geographicdestination.com\/de\/wp-json\/wp\/v2\/pages\/211","targetHints":{"allow":["GET"]}}],"collection":[{"href":"https:\/\/geographicdestination.com\/de\/wp-json\/wp\/v2\/pages"}],"about":[{"href":"https:\/\/geographicdestination.com\/de\/wp-json\/wp\/v2\/types\/page"}],"author":[{"embeddable":true,"href":"https:\/\/geographicdestination.com\/de\/wp-json\/wp\/v2\/users\/1"}],"replies":[{"embeddable":true,"href":"https:\/\/geographicdestination.com\/de\/wp-json\/wp\/v2\/comments?post=211"}],"version-history":[{"count":5,"href":"https:\/\/geographicdestination.com\/de\/wp-json\/wp\/v2\/pages\/211\/revisions"}],"predecessor-version":[{"id":818,"href":"https:\/\/geographicdestination.com\/de\/wp-json\/wp\/v2\/pages\/211\/revisions\/818"}],"up":[{"embeddable":true,"href":"https:\/\/geographicdestination.com\/de\/wp-json\/wp\/v2\/pages\/25"}],"wp:featuredmedia":[{"embeddable":true,"href":"https:\/\/geographicdestination.com\/de\/wp-json\/wp\/v2\/media\/512"}],"wp:attachment":[{"href":"https:\/\/geographicdestination.com\/de\/wp-json\/wp\/v2\/media?parent=211"}],"curies":[{"name":"wp","href":"https:\/\/api.w.org\/{rel}","templated":true}]}}