{"id":209,"date":"2016-08-14T19:04:23","date_gmt":"2016-08-14T19:04:23","guid":{"rendered":"https:\/\/geographicdestination.com\/?page_id=209"},"modified":"2016-11-09T12:08:00","modified_gmt":"2016-11-09T12:08:00","slug":"ayurveda-panchakarma","status":"publish","type":"page","link":"https:\/\/geographicdestination.com\/de\/explore\/ayurveda-panchakarma\/","title":{"rendered":"Ayurveda Panchakarma"},"content":{"rendered":"<p>Ayurveda ist Sanskrit und bedeutet \u00fcbersetzt \u201eWissen vom Leben\u201c. Es basiert auf dem Glauben, dass wir uns f\u00fcr eine gute Gesundheit \u00fcber unseren K\u00f6rper, unseren Geist und unsere Seele bewusst sein m\u00fcssen\u00a0. Gesundheit und Wohlbefinden werden auch als Resultat unseres Gleichgewichts mit der Umgebung \u2013 dem Umfeld, in dem wir leben, der Nahrung, die wir zu uns nehmen, oder den Emotionen, die wir f\u00fchlen, \u2013 gesehen. Erfahren Sie in der sch\u00f6nen Umgebung von Rishikesh, dem spirituellen Hafen Indiens, mehr \u00fcber Ayurveda und wie Sie Ihr Wohlbefinden ins Gleichgewicht bringen k\u00f6nnen.<\/p>\n<p>&nbsp;<\/p>\n<p>Tag 01: Ankunft in Delhi, Empfang am Flughafen und Transfer ins Hotel<br \/>\nTag 02: Delhi, Stadtbesichtigung<br \/>\nTag 03: Delhi \u2013 Rishikesh<br \/>\nTag 04: Ayurveda Panchakarma<br \/>\nTag 05: Ayurveda Panchakarma<br \/>\nTag 06: Ayurveda Panchakarma<br \/>\nTag 07: Ayurveda Panchakarma<br \/>\nTag 08: Ayurveda Panchakarma<br \/>\nTag 09: Ayurveda Panchakarma<br \/>\nTag 10: Ayurveda Panchakarma<br \/>\nTag 11: Rishikesh \u2013 Delhi Tag<br \/>\n12: Delhi \u2013 Agra \u2013 Delhi<br \/>\nTag 13: Transfer an den Flughafen, Flug an die gew\u00fcnschte Destination<\/p>\n<p><span style=\"color: #999999;\"><i>Klicken Sie auf die Karte zur Vergr\u00f6sserung<\/i><\/span><strong><span style=\"color: #999999;\"><i><br \/>\n<a href=\"https:\/\/geographicdestination.com\/wp-content\/uploads\/2016\/09\/3.jpg\"><img loading=\"lazy\" decoding=\"async\" class=\"alignnone wp-image-636 size-thumbnail\" src=\"https:\/\/geographicdestination.com\/wp-content\/uploads\/2016\/09\/3-150x150.jpg\" alt=\"3\" width=\"150\" height=\"150\" \/><\/a><\/i><\/span><\/strong><\/p>\n<p><strong>In der Ayurveda-Panchakarma-Behandlung in Rishikesh inbegriffen:<\/strong><\/p>\n<ul>\n<li>Super-luxuri\u00f6ses Zimmer mit Privatbalkon<\/li>\n<li>Ayurvedische Beratung<\/li>\n<li>T\u00e4glich Ayurveda-Behandlungen\/Massagen (basierend auf den \u00e4rztlichen Empfehlungen)<\/li>\n<li>Medizin w\u00e4hrend der Behandlung gem\u00e4ss \u00e4rztlicher Empfehlung<\/li>\n<li>Individueller Ayurveda-Ern\u00e4hrungsplan einschliesslich Fr\u00fchst\u00fcck, Mittag- und Abendessen<\/li>\n<li>Kostenloses Wi-Fi<\/li>\n<li>LCD-TV<\/li>\n<li>24-Stunden-Zimmerservice<\/li>\n<li>24 Stunden Strom<\/li>\n<li>Tee- und Kaffeekocher im Zimmer<\/li>\n<li>Kostenloses Mineralwasser (2 Flaschen pro Tag)<\/li>\n<li>Swimmingpool<\/li>\n<li>Bibliothek-Lounge<\/li>\n<\/ul>\n<p><strong>Dienstleistungen gegen Bezahlung:<\/strong><\/p>\n<ul>\n<li>Reduzierter Preis f\u00fcr ayurvedische Kr\u00e4uter-Spa-Behandlungen f\u00fcr Inhouse-G\u00e4ste<\/li>\n<li>Vortr\u00e4ge \u00fcber indische Philosophie, Musik, Tanz sowie Hindi-Kurse<\/li>\n<li>W\u00e4scheservice<\/li>\n<li>Minibar (alkoholfrei)<\/li>\n<\/ul>\n<p><strong>Anmerkung: <\/strong>S\u00e4mtliche Panchakarma\u00a0-Behandlungen werden nach der Konsultation durch die \u00c4rzte vor Ort festgelegt. Das Ayurveda-Panchakarma-Package kann f\u00fcr mindestens 7, 14 oder 21 N\u00e4chte gebucht werden.<\/p>\n<p>&nbsp;<\/p>","protected":false},"excerpt":{"rendered":"<p>Ayurveda ist Sanskrit und bedeutet \u00fcbersetzt \u201eWissen vom Leben\u201c. Es basiert auf dem Glauben, dass wir uns f\u00fcr eine gute Gesundheit \u00fcber unseren K\u00f6rper, unseren Geist und unsere Seele bewusst sein m\u00fcssen\u00a0. Gesundheit und Wohlbefinden werden auch als Resultat unseres Gleichgewichts mit der Umgebung \u2013 dem Umfeld, in dem wir leben, der Nahrung, die wir zu uns nehmen, oder den &hellip;<\/p>\n","protected":false},"author":1,"featured_media":427,"parent":25,"menu_order":1,"comment_status":"closed","ping_status":"closed","template":"","meta":{"footnotes":""},"class_list":["post-209","page","type-page","status-publish","has-post-thumbnail","hentry"],"_links":{"self":[{"href":"https:\/\/geographicdestination.com\/de\/wp-json\/wp\/v2\/pages\/209","targetHints":{"allow":["GET"]}}],"collection":[{"href":"https:\/\/geographicdestination.com\/de\/wp-json\/wp\/v2\/pages"}],"about":[{"href":"https:\/\/geographicdestination.com\/de\/wp-json\/wp\/v2\/types\/page"}],"author":[{"embeddable":true,"href":"https:\/\/geographicdestination.com\/de\/wp-json\/wp\/v2\/users\/1"}],"replies":[{"embeddable":true,"href":"https:\/\/geographicdestination.com\/de\/wp-json\/wp\/v2\/comments?post=209"}],"version-history":[{"count":6,"href":"https:\/\/geographicdestination.com\/de\/wp-json\/wp\/v2\/pages\/209\/revisions"}],"predecessor-version":[{"id":816,"href":"https:\/\/geographicdestination.com\/de\/wp-json\/wp\/v2\/pages\/209\/revisions\/816"}],"up":[{"embeddable":true,"href":"https:\/\/geographicdestination.com\/de\/wp-json\/wp\/v2\/pages\/25"}],"wp:featuredmedia":[{"embeddable":true,"href":"https:\/\/geographicdestination.com\/de\/wp-json\/wp\/v2\/media\/427"}],"wp:attachment":[{"href":"https:\/\/geographicdestination.com\/de\/wp-json\/wp\/v2\/media?parent=209"}],"curies":[{"name":"wp","href":"https:\/\/api.w.org\/{rel}","templated":true}]}}